{"id":17736,"date":"2025-02-06T15:34:06","date_gmt":"2025-02-06T14:34:06","guid":{"rendered":"https:\/\/bijvelds.com\/?post_type=product&#038;p=17736"},"modified":"2025-02-06T15:38:10","modified_gmt":"2025-02-06T14:38:10","slug":"ramr-auto-parfum-a-i-r-kopie","status":"publish","type":"product","link":"https:\/\/bijvelds.com\/de\/product\/ram-lifestyle-artikel\/zubehor\/ramr-auto-parfum-a-i-r-kopie\/","title":{"rendered":"RAMR Auto-Parf\u00fcm A I R (kopie)"},"content":{"rendered":"","protected":false},"excerpt":{"rendered":"<p>RAMR AIR Autoparf\u00fcm bietet einen frischen, angenehmen Duft, der jede Fahrt angenehmer macht. Es neutralisiert unangenehme Ger\u00fcche und schafft eine entspannende Atmosph\u00e4re, ganz gleich, ob Sie eine kurze oder eine lange Fahrt vor sich haben. Au\u00dferdem verleiht es Ihrem Arbeitsspeicher eine pers\u00f6nliche Note, so dass Sie sich gleich beim Einsteigen wie zu Hause f\u00fchlen. Ein guter Duft tr\u00e4gt auch zum Komfort und zum allgemeinen Fahrerlebnis bei. Mit AIR Autoparf\u00fcm bleibt Ihr RAM immer frisch und einladend.  <\/p>\n<p><strong>Zur Einf\u00fchrung, vor\u00fcbergehend keine Versandkosten!<\/strong><\/p>\n","protected":false},"featured_media":17738,"template":"","meta":{"_acf_changed":false},"product_brand":[],"product_cat":[214,212,213],"product_tag":[],"class_list":{"0":"post-17736","1":"product","2":"type-product","3":"status-publish","4":"has-post-thumbnail","6":"product_cat-geschenkpackung","7":"product_cat-ram-lifestyle-artikel","8":"product_cat-zubehor","10":"first","11":"instock","12":"taxable","13":"shipping-taxable","14":"purchasable","15":"product-type-simple"},"exclude_global_add_ons":[],"addons":[],"acf":[],"yoast_head":"<!-- This site is optimized with the Yoast SEO plugin v27.4 - https:\/\/yoast.com\/product\/yoast-seo-wordpress\/ -->\n<title>RAMR Auto-Parf\u00fcm A I R (kopie) - Bijvelds Officieel RAM 1500 dealer<\/title>\n<meta name=\"robots\" content=\"index, follow, max-snippet:-1, max-image-preview:large, max-video-preview:-1\" \/>\n<link rel=\"canonical\" href=\"https:\/\/bijvelds.com\/de\/product\/ram-lifestyle-artikel\/zubehor\/ramr-auto-parfum-a-i-r-kopie\/\" \/>\n<meta property=\"og:locale\" content=\"de_DE\" \/>\n<meta property=\"og:type\" content=\"article\" \/>\n<meta property=\"og:title\" content=\"RAMR Auto-Parf\u00fcm A I R (kopie) - Bijvelds Officieel RAM 1500 dealer\" \/>\n<meta property=\"og:description\" content=\"RAMR AIR Autoparf\u00fcm bietet einen frischen, angenehmen Duft, der jede Fahrt angenehmer macht. Es neutralisiert unangenehme Ger\u00fcche und schafft eine entspannende Atmosph\u00e4re, ganz gleich, ob Sie eine kurze oder eine lange Fahrt vor sich haben. Au\u00dferdem verleiht es Ihrem Arbeitsspeicher eine pers\u00f6nliche Note, so dass Sie sich gleich beim Einsteigen wie zu Hause f\u00fchlen. Ein guter Duft tr\u00e4gt auch zum Komfort und zum allgemeinen Fahrerlebnis bei. Mit AIR Autoparf\u00fcm bleibt Ihr RAM immer frisch und einladend.   Zur Einf\u00fchrung, vor\u00fcbergehend keine Versandkosten!\" \/>\n<meta property=\"og:url\" content=\"https:\/\/bijvelds.com\/de\/product\/ram-lifestyle-artikel\/zubehor\/ramr-auto-parfum-a-i-r-kopie\/\" \/>\n<meta property=\"og:site_name\" content=\"Bijvelds Officieel RAM 1500 dealer\" \/>\n<meta property=\"article:publisher\" content=\"https:\/\/www.facebook.com\/dodgeram.nl\" \/>\n<meta property=\"article:modified_time\" content=\"2025-02-06T14:38:10+00:00\" \/>\n<meta name=\"twitter:card\" content=\"summary_large_image\" \/>\n<script type=\"application\/ld+json\" class=\"yoast-schema-graph\">{\"@context\":\"https:\\\/\\\/schema.org\",\"@graph\":[{\"@type\":\"WebPage\",\"@id\":\"https:\\\/\\\/bijvelds.com\\\/de\\\/product\\\/ram-lifestyle-artikel\\\/zubehor\\\/ramr-auto-parfum-a-i-r-kopie\\\/\",\"url\":\"https:\\\/\\\/bijvelds.com\\\/de\\\/product\\\/ram-lifestyle-artikel\\\/zubehor\\\/ramr-auto-parfum-a-i-r-kopie\\\/\",\"name\":\"RAMR Auto-Parf\u00fcm A I R (kopie) - Bijvelds Officieel RAM 1500 dealer\",\"isPartOf\":{\"@id\":\"https:\\\/\\\/bijvelds.com\\\/de\\\/#website\"},\"primaryImageOfPage\":{\"@id\":\"https:\\\/\\\/bijvelds.com\\\/de\\\/product\\\/ram-lifestyle-artikel\\\/zubehor\\\/ramr-auto-parfum-a-i-r-kopie\\\/#primaryimage\"},\"image\":{\"@id\":\"https:\\\/\\\/bijvelds.com\\\/de\\\/product\\\/ram-lifestyle-artikel\\\/zubehor\\\/ramr-auto-parfum-a-i-r-kopie\\\/#primaryimage\"},\"thumbnailUrl\":\"https:\\\/\\\/bijvelds.com\\\/wp-content\\\/uploads\\\/2025\\\/02\\\/WhatsApp-Image-2025-02-06-at-15.31.43.jpeg\",\"datePublished\":\"2025-02-06T14:34:06+00:00\",\"dateModified\":\"2025-02-06T14:38:10+00:00\",\"breadcrumb\":{\"@id\":\"https:\\\/\\\/bijvelds.com\\\/de\\\/product\\\/ram-lifestyle-artikel\\\/zubehor\\\/ramr-auto-parfum-a-i-r-kopie\\\/#breadcrumb\"},\"inLanguage\":\"de\",\"potentialAction\":[{\"@type\":\"ReadAction\",\"target\":[\"https:\\\/\\\/bijvelds.com\\\/de\\\/product\\\/ram-lifestyle-artikel\\\/zubehor\\\/ramr-auto-parfum-a-i-r-kopie\\\/\"]}]},{\"@type\":\"ImageObject\",\"inLanguage\":\"de\",\"@id\":\"https:\\\/\\\/bijvelds.com\\\/de\\\/product\\\/ram-lifestyle-artikel\\\/zubehor\\\/ramr-auto-parfum-a-i-r-kopie\\\/#primaryimage\",\"url\":\"https:\\\/\\\/bijvelds.com\\\/wp-content\\\/uploads\\\/2025\\\/02\\\/WhatsApp-Image-2025-02-06-at-15.31.43.jpeg\",\"contentUrl\":\"https:\\\/\\\/bijvelds.com\\\/wp-content\\\/uploads\\\/2025\\\/02\\\/WhatsApp-Image-2025-02-06-at-15.31.43.jpeg\",\"width\":1600,\"height\":1600},{\"@type\":\"BreadcrumbList\",\"@id\":\"https:\\\/\\\/bijvelds.com\\\/de\\\/product\\\/ram-lifestyle-artikel\\\/zubehor\\\/ramr-auto-parfum-a-i-r-kopie\\\/#breadcrumb\",\"itemListElement\":[{\"@type\":\"ListItem\",\"position\":1,\"name\":\"Home\",\"item\":\"https:\\\/\\\/bijvelds.com\\\/de\\\/\"},{\"@type\":\"ListItem\",\"position\":2,\"name\":\"Shop\",\"item\":\"https:\\\/\\\/dodgeram.de\\\/shop\\\/\"},{\"@type\":\"ListItem\",\"position\":3,\"name\":\"RAMR Auto-Parf\u00fcm A I R (kopie)\"}]},{\"@type\":\"WebSite\",\"@id\":\"https:\\\/\\\/bijvelds.com\\\/de\\\/#website\",\"url\":\"https:\\\/\\\/bijvelds.com\\\/de\\\/\",\"name\":\"Bijvelds Officieel RAM 1500 dealer\",\"description\":\"Officieel dealer van RAM 1500, onderhoud, lease en verzekeringen\",\"publisher\":{\"@id\":\"https:\\\/\\\/bijvelds.com\\\/de\\\/#organization\"},\"potentialAction\":[{\"@type\":\"SearchAction\",\"target\":{\"@type\":\"EntryPoint\",\"urlTemplate\":\"https:\\\/\\\/bijvelds.com\\\/de\\\/?s={search_term_string}\"},\"query-input\":{\"@type\":\"PropertyValueSpecification\",\"valueRequired\":true,\"valueName\":\"search_term_string\"}}],\"inLanguage\":\"de\"},{\"@type\":\"Organization\",\"@id\":\"https:\\\/\\\/bijvelds.com\\\/de\\\/#organization\",\"name\":\"Bijvelds DodgeRAM.nl\",\"url\":\"https:\\\/\\\/bijvelds.com\\\/de\\\/\",\"logo\":{\"@type\":\"ImageObject\",\"inLanguage\":\"de\",\"@id\":\"https:\\\/\\\/bijvelds.com\\\/de\\\/#\\\/schema\\\/logo\\\/image\\\/\",\"url\":\"https:\\\/\\\/i2.wp.com\\\/bijvelds.com\\\/wp-content\\\/uploads\\\/2021\\\/10\\\/BIJVELDS_LOGO_BLACK-wt.png?fit=1400%2C1400&ssl=1\",\"contentUrl\":\"https:\\\/\\\/i2.wp.com\\\/bijvelds.com\\\/wp-content\\\/uploads\\\/2021\\\/10\\\/BIJVELDS_LOGO_BLACK-wt.png?fit=1400%2C1400&ssl=1\",\"width\":1400,\"height\":1400,\"caption\":\"Bijvelds DodgeRAM.nl\"},\"image\":{\"@id\":\"https:\\\/\\\/bijvelds.com\\\/de\\\/#\\\/schema\\\/logo\\\/image\\\/\"},\"sameAs\":[\"https:\\\/\\\/www.facebook.com\\\/dodgeram.nl\",\"https:\\\/\\\/www.instagram.com\\\/dodgeram.nl\\\/\",\"https:\\\/\\\/www.youtube.com\\\/user\\\/rbijvelds\"]}]}<\/script>\n<!-- \/ Yoast SEO plugin. -->","yoast_head_json":{"title":"RAMR Auto-Parf\u00fcm A I R (kopie) - Bijvelds Officieel RAM 1500 dealer","robots":{"index":"index","follow":"follow","max-snippet":"max-snippet:-1","max-image-preview":"max-image-preview:large","max-video-preview":"max-video-preview:-1"},"canonical":"https:\/\/bijvelds.com\/de\/product\/ram-lifestyle-artikel\/zubehor\/ramr-auto-parfum-a-i-r-kopie\/","og_locale":"de_DE","og_type":"article","og_title":"RAMR Auto-Parf\u00fcm A I R (kopie) - Bijvelds Officieel RAM 1500 dealer","og_description":"RAMR AIR Autoparf\u00fcm bietet einen frischen, angenehmen Duft, der jede Fahrt angenehmer macht. Es neutralisiert unangenehme Ger\u00fcche und schafft eine entspannende Atmosph\u00e4re, ganz gleich, ob Sie eine kurze oder eine lange Fahrt vor sich haben. Au\u00dferdem verleiht es Ihrem Arbeitsspeicher eine pers\u00f6nliche Note, so dass Sie sich gleich beim Einsteigen wie zu Hause f\u00fchlen. Ein guter Duft tr\u00e4gt auch zum Komfort und zum allgemeinen Fahrerlebnis bei. Mit AIR Autoparf\u00fcm bleibt Ihr RAM immer frisch und einladend.   Zur Einf\u00fchrung, vor\u00fcbergehend keine Versandkosten!","og_url":"https:\/\/bijvelds.com\/de\/product\/ram-lifestyle-artikel\/zubehor\/ramr-auto-parfum-a-i-r-kopie\/","og_site_name":"Bijvelds Officieel RAM 1500 dealer","article_publisher":"https:\/\/www.facebook.com\/dodgeram.nl","article_modified_time":"2025-02-06T14:38:10+00:00","twitter_card":"summary_large_image","schema":{"@context":"https:\/\/schema.org","@graph":[{"@type":"WebPage","@id":"https:\/\/bijvelds.com\/de\/product\/ram-lifestyle-artikel\/zubehor\/ramr-auto-parfum-a-i-r-kopie\/","url":"https:\/\/bijvelds.com\/de\/product\/ram-lifestyle-artikel\/zubehor\/ramr-auto-parfum-a-i-r-kopie\/","name":"RAMR Auto-Parf\u00fcm A I R (kopie) - Bijvelds Officieel RAM 1500 dealer","isPartOf":{"@id":"https:\/\/bijvelds.com\/de\/#website"},"primaryImageOfPage":{"@id":"https:\/\/bijvelds.com\/de\/product\/ram-lifestyle-artikel\/zubehor\/ramr-auto-parfum-a-i-r-kopie\/#primaryimage"},"image":{"@id":"https:\/\/bijvelds.com\/de\/product\/ram-lifestyle-artikel\/zubehor\/ramr-auto-parfum-a-i-r-kopie\/#primaryimage"},"thumbnailUrl":"https:\/\/bijvelds.com\/wp-content\/uploads\/2025\/02\/WhatsApp-Image-2025-02-06-at-15.31.43.jpeg","datePublished":"2025-02-06T14:34:06+00:00","dateModified":"2025-02-06T14:38:10+00:00","breadcrumb":{"@id":"https:\/\/bijvelds.com\/de\/product\/ram-lifestyle-artikel\/zubehor\/ramr-auto-parfum-a-i-r-kopie\/#breadcrumb"},"inLanguage":"de","potentialAction":[{"@type":"ReadAction","target":["https:\/\/bijvelds.com\/de\/product\/ram-lifestyle-artikel\/zubehor\/ramr-auto-parfum-a-i-r-kopie\/"]}]},{"@type":"ImageObject","inLanguage":"de","@id":"https:\/\/bijvelds.com\/de\/product\/ram-lifestyle-artikel\/zubehor\/ramr-auto-parfum-a-i-r-kopie\/#primaryimage","url":"https:\/\/bijvelds.com\/wp-content\/uploads\/2025\/02\/WhatsApp-Image-2025-02-06-at-15.31.43.jpeg","contentUrl":"https:\/\/bijvelds.com\/wp-content\/uploads\/2025\/02\/WhatsApp-Image-2025-02-06-at-15.31.43.jpeg","width":1600,"height":1600},{"@type":"BreadcrumbList","@id":"https:\/\/bijvelds.com\/de\/product\/ram-lifestyle-artikel\/zubehor\/ramr-auto-parfum-a-i-r-kopie\/#breadcrumb","itemListElement":[{"@type":"ListItem","position":1,"name":"Home","item":"https:\/\/bijvelds.com\/de\/"},{"@type":"ListItem","position":2,"name":"Shop","item":"https:\/\/dodgeram.de\/shop\/"},{"@type":"ListItem","position":3,"name":"RAMR Auto-Parf\u00fcm A I R (kopie)"}]},{"@type":"WebSite","@id":"https:\/\/bijvelds.com\/de\/#website","url":"https:\/\/bijvelds.com\/de\/","name":"Bijvelds Officieel RAM 1500 dealer","description":"Officieel dealer van RAM 1500, onderhoud, lease en verzekeringen","publisher":{"@id":"https:\/\/bijvelds.com\/de\/#organization"},"potentialAction":[{"@type":"SearchAction","target":{"@type":"EntryPoint","urlTemplate":"https:\/\/bijvelds.com\/de\/?s={search_term_string}"},"query-input":{"@type":"PropertyValueSpecification","valueRequired":true,"valueName":"search_term_string"}}],"inLanguage":"de"},{"@type":"Organization","@id":"https:\/\/bijvelds.com\/de\/#organization","name":"Bijvelds DodgeRAM.nl","url":"https:\/\/bijvelds.com\/de\/","logo":{"@type":"ImageObject","inLanguage":"de","@id":"https:\/\/bijvelds.com\/de\/#\/schema\/logo\/image\/","url":"https:\/\/i2.wp.com\/bijvelds.com\/wp-content\/uploads\/2021\/10\/BIJVELDS_LOGO_BLACK-wt.png?fit=1400%2C1400&ssl=1","contentUrl":"https:\/\/i2.wp.com\/bijvelds.com\/wp-content\/uploads\/2021\/10\/BIJVELDS_LOGO_BLACK-wt.png?fit=1400%2C1400&ssl=1","width":1400,"height":1400,"caption":"Bijvelds DodgeRAM.nl"},"image":{"@id":"https:\/\/bijvelds.com\/de\/#\/schema\/logo\/image\/"},"sameAs":["https:\/\/www.facebook.com\/dodgeram.nl","https:\/\/www.instagram.com\/dodgeram.nl\/","https:\/\/www.youtube.com\/user\/rbijvelds"]}]}},"_links":{"self":[{"href":"https:\/\/bijvelds.com\/de\/wp-json\/wp\/v2\/product\/17736","targetHints":{"allow":["GET"]}}],"collection":[{"href":"https:\/\/bijvelds.com\/de\/wp-json\/wp\/v2\/product"}],"about":[{"href":"https:\/\/bijvelds.com\/de\/wp-json\/wp\/v2\/types\/product"}],"version-history":[{"count":0,"href":"https:\/\/bijvelds.com\/de\/wp-json\/wp\/v2\/product\/17736\/revisions"}],"wp:featuredmedia":[{"embeddable":true,"href":"https:\/\/bijvelds.com\/de\/wp-json\/wp\/v2\/media\/17738"}],"wp:attachment":[{"href":"https:\/\/bijvelds.com\/de\/wp-json\/wp\/v2\/media?parent=17736"}],"wp:term":[{"taxonomy":"product_brand","embeddable":true,"href":"https:\/\/bijvelds.com\/de\/wp-json\/wp\/v2\/product_brand?post=17736"},{"taxonomy":"product_cat","embeddable":true,"href":"https:\/\/bijvelds.com\/de\/wp-json\/wp\/v2\/product_cat?post=17736"},{"taxonomy":"product_tag","embeddable":true,"href":"https:\/\/bijvelds.com\/de\/wp-json\/wp\/v2\/product_tag?post=17736"}],"curies":[{"name":"wp","href":"https:\/\/api.w.org\/{rel}","templated":true}]}}