{"id":678753,"date":"2025-05-13T09:53:36","date_gmt":"2025-05-13T07:53:36","guid":{"rendered":"https:\/\/bijvelds.com\/?post_type=product&#038;p=678753"},"modified":"2025-12-03T12:05:24","modified_gmt":"2025-12-03T11:05:24","slug":"ramr-brucke-kopie","status":"publish","type":"product","link":"https:\/\/bijvelds.com\/de\/product\/ram-lifestyle-artikel\/kleidung\/ramr-brucke-kopie\/","title":{"rendered":"RAMR-Br\u00fccke (kopie)"},"content":{"rendered":"<p>Der schwarze Kapuzenpullover ist perfekt, um ihn mit dem passenden RAMR Jogger zu kombinieren und den Look zu vervollst\u00e4ndigen. Auf der Vorderseite prangt stolz das RAMR.-Logo, das Ihre Liebe zu den Dodge RAMS zum Ausdruck bringt.  <\/p>\n<p>Der RAMR Sweater hat eine lockere Passform zwischen Slim und Regular. Wir empfehlen Ihnen, bei Ihrer normalen Gr\u00f6\u00dfe zu bleiben, damit er perfekt sitzt. Hergestellt aus 85% ringgesponnener, gek\u00e4mmter Bio-Baumwolle und 15% recyceltem Polyester, bietet dieser Kapuzenpullover nicht nur Stil, sondern auch ein weiches und angenehmes Gef\u00fchl auf der Innenseite. <\/p>\n<p>Qualit\u00e4t und Pflege sind entscheidend &#8211; zertifiziert von OCS, Fairwear Foundation und Oeko-Tex. Um diesen Pullover in optimalem Zustand zu halten, empfehlen wir Maschinenw\u00e4sche bei 30C\u00b0. <\/p>\n<p>Und f\u00fcr das ultimative Style-Erlebnis sollten Sie den RAMR Sweater als <a href=\"https:\/\/bijvelds.com\/de\/?post_type=product&#038;p=17183\">Set<\/a> kaufen, komplett mit der passenden <a href=\"https:\/\/bijvelds.com\/de\/?post_type=product&#038;p=17195\">RAMR Jogginghose<\/a>. R\u00fcsten Sie noch heute Ihre Garderobe auf und lassen Sie sich vom einzigartigen Stil des RAMR Sweaters begeistern! <\/p>\n","protected":false},"excerpt":{"rendered":"<p>Zeigen Sie Ihre Liebe zu Dodge RAM mit dem neuen RAMR Sweater, einer unverzichtbaren Erg\u00e4nzung der Kollektion f\u00fcr den modernen Dodge RAM-Fan! Nach dem Erfolg unserer ersten Linie sind wir stolz darauf, diese stilvolle Fortsetzung zu pr\u00e4sentieren, die von Unternehmern mit einer aktiven Ausstrahlung inspiriert ist. <\/p>\n","protected":false},"featured_media":678762,"template":"","meta":{"_acf_changed":false},"product_brand":[],"product_cat":[219,212],"product_tag":[],"class_list":{"0":"post-678753","1":"product","2":"type-product","3":"status-publish","4":"has-post-thumbnail","6":"product_cat-kleidung","7":"product_cat-ram-lifestyle-artikel","9":"first","10":"instock","11":"taxable","12":"shipping-taxable","13":"purchasable","14":"product-type-variable"},"exclude_global_add_ons":[],"addons":[],"acf":[],"yoast_head":"<!-- This site is optimized with the Yoast SEO plugin v27.4 - https:\/\/yoast.com\/product\/yoast-seo-wordpress\/ -->\n<title>RAMR Pullover - Stilvoller Komfort f\u00fcr Dodge RAM Fans | Bijvelds<\/title>\n<meta name=\"description\" content=\"Zeigen Sie Ihre Leidenschaft f\u00fcr Dodge RAM mit dem neuen RAMR Sweater von Bijvelds. Eine lockere Passform, hergestellt aus Bio-Baumwolle und recyceltem Polyester.\" \/>\n<meta name=\"robots\" content=\"index, follow, max-snippet:-1, max-image-preview:large, max-video-preview:-1\" \/>\n<link rel=\"canonical\" href=\"https:\/\/bijvelds.com\/de\/product\/ram-lifestyle-artikel\/kleidung\/ramr-brucke-kopie\/\" \/>\n<meta property=\"og:locale\" content=\"de_DE\" \/>\n<meta property=\"og:type\" content=\"article\" \/>\n<meta property=\"og:title\" content=\"RAMR Pullover - Stilvoller Komfort f\u00fcr Dodge RAM Fans | Bijvelds\" \/>\n<meta property=\"og:description\" content=\"Zeigen Sie Ihre Leidenschaft f\u00fcr Dodge RAM mit dem neuen RAMR Sweater von Bijvelds. Eine lockere Passform, hergestellt aus Bio-Baumwolle und recyceltem Polyester.\" \/>\n<meta property=\"og:url\" content=\"https:\/\/bijvelds.com\/de\/product\/ram-lifestyle-artikel\/kleidung\/ramr-brucke-kopie\/\" \/>\n<meta property=\"og:site_name\" content=\"Bijvelds Officieel RAM 1500 dealer\" \/>\n<meta property=\"article:publisher\" content=\"https:\/\/www.facebook.com\/dodgeram.nl\" \/>\n<meta property=\"article:modified_time\" content=\"2025-12-03T11:05:24+00:00\" \/>\n<meta property=\"og:image\" content=\"https:\/\/bijvelds.com\/wp-content\/uploads\/2025\/05\/Afbeelding-van-WhatsApp-op-2025-05-13-om-09.25.28_fcf80992.jpg\" \/>\n\t<meta property=\"og:image:width\" content=\"1105\" \/>\n\t<meta property=\"og:image:height\" content=\"1311\" \/>\n\t<meta property=\"og:image:type\" content=\"image\/jpeg\" \/>\n<meta name=\"twitter:card\" content=\"summary_large_image\" \/>\n<meta name=\"twitter:label1\" content=\"Gesch\u00e4tzte Lesezeit\" \/>\n\t<meta name=\"twitter:data1\" content=\"1\u00a0Minute\" \/>\n<script type=\"application\/ld+json\" class=\"yoast-schema-graph\">{\"@context\":\"https:\\\/\\\/schema.org\",\"@graph\":[{\"@type\":\"WebPage\",\"@id\":\"https:\\\/\\\/bijvelds.com\\\/de\\\/product\\\/ram-lifestyle-artikel\\\/kleidung\\\/ramr-brucke-kopie\\\/\",\"url\":\"https:\\\/\\\/bijvelds.com\\\/de\\\/product\\\/ram-lifestyle-artikel\\\/kleidung\\\/ramr-brucke-kopie\\\/\",\"name\":\"RAMR Pullover - Stilvoller Komfort f\u00fcr Dodge RAM Fans | Bijvelds\",\"isPartOf\":{\"@id\":\"https:\\\/\\\/bijvelds.com\\\/de\\\/#website\"},\"primaryImageOfPage\":{\"@id\":\"https:\\\/\\\/bijvelds.com\\\/de\\\/product\\\/ram-lifestyle-artikel\\\/kleidung\\\/ramr-brucke-kopie\\\/#primaryimage\"},\"image\":{\"@id\":\"https:\\\/\\\/bijvelds.com\\\/de\\\/product\\\/ram-lifestyle-artikel\\\/kleidung\\\/ramr-brucke-kopie\\\/#primaryimage\"},\"thumbnailUrl\":\"https:\\\/\\\/bijvelds.com\\\/wp-content\\\/uploads\\\/2025\\\/05\\\/Afbeelding-van-WhatsApp-op-2025-05-13-om-09.25.28_fcf80992.jpg\",\"datePublished\":\"2025-05-13T07:53:36+00:00\",\"dateModified\":\"2025-12-03T11:05:24+00:00\",\"description\":\"Zeigen Sie Ihre Leidenschaft f\u00fcr Dodge RAM mit dem neuen RAMR Sweater von Bijvelds. Eine lockere Passform, hergestellt aus Bio-Baumwolle und recyceltem Polyester.\",\"breadcrumb\":{\"@id\":\"https:\\\/\\\/bijvelds.com\\\/de\\\/product\\\/ram-lifestyle-artikel\\\/kleidung\\\/ramr-brucke-kopie\\\/#breadcrumb\"},\"inLanguage\":\"de\",\"potentialAction\":[{\"@type\":\"ReadAction\",\"target\":[\"https:\\\/\\\/bijvelds.com\\\/de\\\/product\\\/ram-lifestyle-artikel\\\/kleidung\\\/ramr-brucke-kopie\\\/\"]}]},{\"@type\":\"ImageObject\",\"inLanguage\":\"de\",\"@id\":\"https:\\\/\\\/bijvelds.com\\\/de\\\/product\\\/ram-lifestyle-artikel\\\/kleidung\\\/ramr-brucke-kopie\\\/#primaryimage\",\"url\":\"https:\\\/\\\/bijvelds.com\\\/wp-content\\\/uploads\\\/2025\\\/05\\\/Afbeelding-van-WhatsApp-op-2025-05-13-om-09.25.28_fcf80992.jpg\",\"contentUrl\":\"https:\\\/\\\/bijvelds.com\\\/wp-content\\\/uploads\\\/2025\\\/05\\\/Afbeelding-van-WhatsApp-op-2025-05-13-om-09.25.28_fcf80992.jpg\",\"width\":1105,\"height\":1311},{\"@type\":\"BreadcrumbList\",\"@id\":\"https:\\\/\\\/bijvelds.com\\\/de\\\/product\\\/ram-lifestyle-artikel\\\/kleidung\\\/ramr-brucke-kopie\\\/#breadcrumb\",\"itemListElement\":[{\"@type\":\"ListItem\",\"position\":1,\"name\":\"Home\",\"item\":\"https:\\\/\\\/bijvelds.com\\\/de\\\/\"},{\"@type\":\"ListItem\",\"position\":2,\"name\":\"Shop\",\"item\":\"https:\\\/\\\/dodgeram.de\\\/shop\\\/\"},{\"@type\":\"ListItem\",\"position\":3,\"name\":\"RAMR-Br\u00fccke (kopie)\"}]},{\"@type\":\"WebSite\",\"@id\":\"https:\\\/\\\/bijvelds.com\\\/de\\\/#website\",\"url\":\"https:\\\/\\\/bijvelds.com\\\/de\\\/\",\"name\":\"Bijvelds Officieel RAM 1500 dealer\",\"description\":\"Officieel dealer van RAM 1500, onderhoud, lease en verzekeringen\",\"publisher\":{\"@id\":\"https:\\\/\\\/bijvelds.com\\\/de\\\/#organization\"},\"potentialAction\":[{\"@type\":\"SearchAction\",\"target\":{\"@type\":\"EntryPoint\",\"urlTemplate\":\"https:\\\/\\\/bijvelds.com\\\/de\\\/?s={search_term_string}\"},\"query-input\":{\"@type\":\"PropertyValueSpecification\",\"valueRequired\":true,\"valueName\":\"search_term_string\"}}],\"inLanguage\":\"de\"},{\"@type\":\"Organization\",\"@id\":\"https:\\\/\\\/bijvelds.com\\\/de\\\/#organization\",\"name\":\"Bijvelds DodgeRAM.nl\",\"url\":\"https:\\\/\\\/bijvelds.com\\\/de\\\/\",\"logo\":{\"@type\":\"ImageObject\",\"inLanguage\":\"de\",\"@id\":\"https:\\\/\\\/bijvelds.com\\\/de\\\/#\\\/schema\\\/logo\\\/image\\\/\",\"url\":\"https:\\\/\\\/i2.wp.com\\\/bijvelds.com\\\/wp-content\\\/uploads\\\/2021\\\/10\\\/BIJVELDS_LOGO_BLACK-wt.png?fit=1400%2C1400&ssl=1\",\"contentUrl\":\"https:\\\/\\\/i2.wp.com\\\/bijvelds.com\\\/wp-content\\\/uploads\\\/2021\\\/10\\\/BIJVELDS_LOGO_BLACK-wt.png?fit=1400%2C1400&ssl=1\",\"width\":1400,\"height\":1400,\"caption\":\"Bijvelds DodgeRAM.nl\"},\"image\":{\"@id\":\"https:\\\/\\\/bijvelds.com\\\/de\\\/#\\\/schema\\\/logo\\\/image\\\/\"},\"sameAs\":[\"https:\\\/\\\/www.facebook.com\\\/dodgeram.nl\",\"https:\\\/\\\/www.instagram.com\\\/dodgeram.nl\\\/\",\"https:\\\/\\\/www.youtube.com\\\/user\\\/rbijvelds\"]}]}<\/script>\n<!-- \/ Yoast SEO plugin. -->","yoast_head_json":{"title":"RAMR Pullover - Stilvoller Komfort f\u00fcr Dodge RAM Fans | Bijvelds","description":"Zeigen Sie Ihre Leidenschaft f\u00fcr Dodge RAM mit dem neuen RAMR Sweater von Bijvelds. Eine lockere Passform, hergestellt aus Bio-Baumwolle und recyceltem Polyester.","robots":{"index":"index","follow":"follow","max-snippet":"max-snippet:-1","max-image-preview":"max-image-preview:large","max-video-preview":"max-video-preview:-1"},"canonical":"https:\/\/bijvelds.com\/de\/product\/ram-lifestyle-artikel\/kleidung\/ramr-brucke-kopie\/","og_locale":"de_DE","og_type":"article","og_title":"RAMR Pullover - Stilvoller Komfort f\u00fcr Dodge RAM Fans | Bijvelds","og_description":"Zeigen Sie Ihre Leidenschaft f\u00fcr Dodge RAM mit dem neuen RAMR Sweater von Bijvelds. Eine lockere Passform, hergestellt aus Bio-Baumwolle und recyceltem Polyester.","og_url":"https:\/\/bijvelds.com\/de\/product\/ram-lifestyle-artikel\/kleidung\/ramr-brucke-kopie\/","og_site_name":"Bijvelds Officieel RAM 1500 dealer","article_publisher":"https:\/\/www.facebook.com\/dodgeram.nl","article_modified_time":"2025-12-03T11:05:24+00:00","og_image":[{"width":1105,"height":1311,"url":"https:\/\/bijvelds.com\/wp-content\/uploads\/2025\/05\/Afbeelding-van-WhatsApp-op-2025-05-13-om-09.25.28_fcf80992.jpg","type":"image\/jpeg"}],"twitter_card":"summary_large_image","twitter_misc":{"Gesch\u00e4tzte Lesezeit":"1\u00a0Minute"},"schema":{"@context":"https:\/\/schema.org","@graph":[{"@type":"WebPage","@id":"https:\/\/bijvelds.com\/de\/product\/ram-lifestyle-artikel\/kleidung\/ramr-brucke-kopie\/","url":"https:\/\/bijvelds.com\/de\/product\/ram-lifestyle-artikel\/kleidung\/ramr-brucke-kopie\/","name":"RAMR Pullover - Stilvoller Komfort f\u00fcr Dodge RAM Fans | Bijvelds","isPartOf":{"@id":"https:\/\/bijvelds.com\/de\/#website"},"primaryImageOfPage":{"@id":"https:\/\/bijvelds.com\/de\/product\/ram-lifestyle-artikel\/kleidung\/ramr-brucke-kopie\/#primaryimage"},"image":{"@id":"https:\/\/bijvelds.com\/de\/product\/ram-lifestyle-artikel\/kleidung\/ramr-brucke-kopie\/#primaryimage"},"thumbnailUrl":"https:\/\/bijvelds.com\/wp-content\/uploads\/2025\/05\/Afbeelding-van-WhatsApp-op-2025-05-13-om-09.25.28_fcf80992.jpg","datePublished":"2025-05-13T07:53:36+00:00","dateModified":"2025-12-03T11:05:24+00:00","description":"Zeigen Sie Ihre Leidenschaft f\u00fcr Dodge RAM mit dem neuen RAMR Sweater von Bijvelds. Eine lockere Passform, hergestellt aus Bio-Baumwolle und recyceltem Polyester.","breadcrumb":{"@id":"https:\/\/bijvelds.com\/de\/product\/ram-lifestyle-artikel\/kleidung\/ramr-brucke-kopie\/#breadcrumb"},"inLanguage":"de","potentialAction":[{"@type":"ReadAction","target":["https:\/\/bijvelds.com\/de\/product\/ram-lifestyle-artikel\/kleidung\/ramr-brucke-kopie\/"]}]},{"@type":"ImageObject","inLanguage":"de","@id":"https:\/\/bijvelds.com\/de\/product\/ram-lifestyle-artikel\/kleidung\/ramr-brucke-kopie\/#primaryimage","url":"https:\/\/bijvelds.com\/wp-content\/uploads\/2025\/05\/Afbeelding-van-WhatsApp-op-2025-05-13-om-09.25.28_fcf80992.jpg","contentUrl":"https:\/\/bijvelds.com\/wp-content\/uploads\/2025\/05\/Afbeelding-van-WhatsApp-op-2025-05-13-om-09.25.28_fcf80992.jpg","width":1105,"height":1311},{"@type":"BreadcrumbList","@id":"https:\/\/bijvelds.com\/de\/product\/ram-lifestyle-artikel\/kleidung\/ramr-brucke-kopie\/#breadcrumb","itemListElement":[{"@type":"ListItem","position":1,"name":"Home","item":"https:\/\/bijvelds.com\/de\/"},{"@type":"ListItem","position":2,"name":"Shop","item":"https:\/\/dodgeram.de\/shop\/"},{"@type":"ListItem","position":3,"name":"RAMR-Br\u00fccke (kopie)"}]},{"@type":"WebSite","@id":"https:\/\/bijvelds.com\/de\/#website","url":"https:\/\/bijvelds.com\/de\/","name":"Bijvelds Officieel RAM 1500 dealer","description":"Officieel dealer van RAM 1500, onderhoud, lease en verzekeringen","publisher":{"@id":"https:\/\/bijvelds.com\/de\/#organization"},"potentialAction":[{"@type":"SearchAction","target":{"@type":"EntryPoint","urlTemplate":"https:\/\/bijvelds.com\/de\/?s={search_term_string}"},"query-input":{"@type":"PropertyValueSpecification","valueRequired":true,"valueName":"search_term_string"}}],"inLanguage":"de"},{"@type":"Organization","@id":"https:\/\/bijvelds.com\/de\/#organization","name":"Bijvelds DodgeRAM.nl","url":"https:\/\/bijvelds.com\/de\/","logo":{"@type":"ImageObject","inLanguage":"de","@id":"https:\/\/bijvelds.com\/de\/#\/schema\/logo\/image\/","url":"https:\/\/i2.wp.com\/bijvelds.com\/wp-content\/uploads\/2021\/10\/BIJVELDS_LOGO_BLACK-wt.png?fit=1400%2C1400&ssl=1","contentUrl":"https:\/\/i2.wp.com\/bijvelds.com\/wp-content\/uploads\/2021\/10\/BIJVELDS_LOGO_BLACK-wt.png?fit=1400%2C1400&ssl=1","width":1400,"height":1400,"caption":"Bijvelds DodgeRAM.nl"},"image":{"@id":"https:\/\/bijvelds.com\/de\/#\/schema\/logo\/image\/"},"sameAs":["https:\/\/www.facebook.com\/dodgeram.nl","https:\/\/www.instagram.com\/dodgeram.nl\/","https:\/\/www.youtube.com\/user\/rbijvelds"]}]}},"_links":{"self":[{"href":"https:\/\/bijvelds.com\/de\/wp-json\/wp\/v2\/product\/678753","targetHints":{"allow":["GET"]}}],"collection":[{"href":"https:\/\/bijvelds.com\/de\/wp-json\/wp\/v2\/product"}],"about":[{"href":"https:\/\/bijvelds.com\/de\/wp-json\/wp\/v2\/types\/product"}],"version-history":[{"count":0,"href":"https:\/\/bijvelds.com\/de\/wp-json\/wp\/v2\/product\/678753\/revisions"}],"wp:featuredmedia":[{"embeddable":true,"href":"https:\/\/bijvelds.com\/de\/wp-json\/wp\/v2\/media\/678762"}],"wp:attachment":[{"href":"https:\/\/bijvelds.com\/de\/wp-json\/wp\/v2\/media?parent=678753"}],"wp:term":[{"taxonomy":"product_brand","embeddable":true,"href":"https:\/\/bijvelds.com\/de\/wp-json\/wp\/v2\/product_brand?post=678753"},{"taxonomy":"product_cat","embeddable":true,"href":"https:\/\/bijvelds.com\/de\/wp-json\/wp\/v2\/product_cat?post=678753"},{"taxonomy":"product_tag","embeddable":true,"href":"https:\/\/bijvelds.com\/de\/wp-json\/wp\/v2\/product_tag?post=678753"}],"curies":[{"name":"wp","href":"https:\/\/api.w.org\/{rel}","templated":true}]}}